{"id":5720,"date":"2018-10-22T13:45:00","date_gmt":"2018-10-22T13:45:00","guid":{"rendered":"https:\/\/www.ekko-wp.com\/?page_id=5720"},"modified":"2024-01-09T13:00:04","modified_gmt":"2024-01-09T10:00:04","slug":"hakkimizda","status":"publish","type":"page","link":"https:\/\/alpatahavacilik.com.tr\/en\/hakkimizda\/","title":{"rendered":"About Us"},"content":{"rendered":"<section class=\"wpb-content-wrapper\"><div class=\"vc_row wpb_row vc_row-fluid vc_row-bg-position-top\"><div class=\"wpb_column vc_column_container vc_col-sm-12\"><div class=\"vc_column-inner\"><div class=\"wpb_wrapper\"><header class=\"kd-section-title col-lg-12 text-center  subtitle-below-title kd-animated fadeIn   vc_custom_1704712983398\" data-animation-delay=\"200\"><h2 class=\"separator_off\" >ABOUT US<\/h2><h6 class=\"subtitle\" >Our company, established in 2024 in Eski\u015fehir Organized Industrial Zone, engages in machining production for aerospace and defense industry components. Situated on a 7,000 m\u00b2 open area, our facility boasts a robust machine park within a 1,700 m\u00b2 closed area. Committed to principles of reliability, honesty, and quality, our company prioritizes customer satisfaction. We constantly strive to embrace technology and innovations, aiming to be better, faster, and more quality-driven. Always focusing on excellence, our company takes pride in providing services that meet the highest standards.<\/h6><\/header><div class=\"vc_row wpb_row vc_inner vc_row-fluid vc_custom_1704269823663 vc_custom_1704269823664 vc_row-has-padding-top vc_row-has-padding-bottom vc_row-bg-position-top\"><div class=\"wpb_column vc_column_container vc_col-sm-4 vc_col-lg-offset-0 vc_col-lg-6 vc_col-md-offset-0 vc_col-sm-offset-0\"><div class=\"vc_column-inner vc_custom_1704269769521  vc_custom_1704269769522 vc_custom_1704269769522\"><div class=\"wpb_wrapper\"><div class=\"kd-photo-group group-layout-left-right large-shadow enable-parallax  disable-responsive width-300\">\n                <div class=\"kd-group-image first-image-wrapper\"><div class=\"kd-group-image-animation kd-animated fadeInDown\" data-animation-delay=\"200\"><img loading=\"lazy\" decoding=\"async\" width=\"350\" height=\"500\" src=\"https:\/\/alpatahavacilik.com.tr\/wp-content\/uploads\/2024\/01\/hakkimizda-detay-1.png\" class=\"attachment-full\" alt=\"\" title=\"hakkimizda-detay-1\" \/><\/div><\/div>\n                <div class=\"kd-group-image second-image-wrapper\" style=\"bottom: -20%;\"><div class=\"kd-group-image-animation kd-animated fadeInUp\" data-animation-delay=\"200\"><img loading=\"lazy\" decoding=\"async\" width=\"350\" height=\"500\" src=\"https:\/\/alpatahavacilik.com.tr\/wp-content\/uploads\/2024\/01\/hakkimizda-detay-2.png\" class=\"attachment-full\" alt=\"\" title=\"hakkimizda-detay-2\" \/><\/div><\/div>\n            <\/div><div class=\"kd-shapes shape_dots with-parallax kd-animated zoomIn\" style=\"right: -65px;bottom: -160px;width: 340px;height: 173px;\" data-parallax-speed=\"-0.05\" data-animation-delay=\"400\"><\/div><\/div><\/div><\/div><div class=\"wpb_column vc_column_container vc_col-sm-8 vc_col-lg-6\"><div class=\"vc_column-inner vc_custom_1704269356652 vc_custom_1704269356653 vc_custom_1704269356653 vc_custom_1704269356653\"><div class=\"wpb_wrapper\"><div class=\"key-icon-box icon-default icon-left cont-left ib-no-effect     icon-no-background icon-no-border kd-animated fadeIn\" style=\"background-color: transparent;margin-bottom:30px;\" data-animation-delay=\"200\"><div class=\"ib-simple-icon-wrapper\" ><i class=\"iconsmind-Target iconsmind-Seo-Icons\" style=\"font-size: 25px;font-weight: 700;\"><\/i> <\/div><h6 class=\"service-heading\" >Our Mission<\/h6><p style=\"font-size: 18px;\">To closely follow innovations and developments in aerospace and space technologies, create a preferred working environment by ensuring the satisfaction of our employees, and achieve customer satisfaction through quality and timely production.<\/p><\/div><div class=\"key-icon-box icon-default icon-left cont-left ib-no-effect     icon-no-background icon-no-border kd-animated fadeIn\" style=\"background-color: transparent;margin-bottom:30px;\" data-animation-delay=\"200\"><div class=\"ib-simple-icon-wrapper\" ><i class=\"iconsmind-Eye-Scan iconsmind-Security\" style=\"font-size: 25px;font-weight: 700;\"><\/i> <\/div><h6 class=\"service-heading\" >Our Vision<\/h6><p style=\"font-size: 18px;\">To be a customer-focused, preferred, reliable, and consistently high-quality business partner in aviation, defense industry, and space technologies.<\/p><\/div><div class=\"key-icon-box icon-default icon-left cont-left ib-no-effect     icon-no-background icon-no-border kd-animated fadeIn\" style=\"background-color: transparent;margin-bottom:30px;\" data-animation-delay=\"200\"><div class=\"ib-simple-icon-wrapper\" ><i class=\"fas fa-user-shield\" style=\"font-size: 25px;\"><\/i> <\/div><h6 class=\"service-heading\" >Our Quality Policy<\/h6><p style=\"font-size: 18px;\">Making customer satisfaction a fundamental principle, ensuring timely delivery, and consistently meeting customer quality requirements. Implementing international quality process management. Acquiring experienced and qualified colleagues and ensuring their continuity.<\/p><\/div><div class=\"key-icon-box icon-default icon-left cont-left ib-no-effect     icon-no-background icon-no-border kd-animated fadeIn\" style=\"background-color: transparent;\" data-animation-delay=\"200\"><div class=\"ib-simple-icon-wrapper\" ><i class=\"fas fa-recycle\" style=\"font-size: 25px;\"><\/i> <\/div><h6 class=\"service-heading\" >Our Environmental Policy<\/h6><p style=\"font-size: 18px;\">Fulfilling legal requirements related to the environment, increasing environmental awareness among our employees, and encouraging them to be more environmentally sensitive.<\/p><\/div><\/div><\/div><\/div><\/div><\/div><\/div><\/div><\/div>\n<\/section>","protected":false},"excerpt":{"rendered":"HAKKIMIZDAEski\u015fehir Organize Sanayi B\u00f6lgesinde 2024 y\u0131l\u0131nda kurulan firmam\u0131z, hava ta\u015f\u0131tlar\u0131 ve savunma sanayi par\u00e7alar\u0131na y\u00f6nelik tala\u015fl\u0131 imalat y\u00f6ntemi ile \u00fcretim [...]","protected":false},"author":1,"featured_media":9976,"parent":0,"menu_order":0,"comment_status":"closed","ping_status":"closed","template":"","meta":{"footnotes":""},"class_list":["post-5720","page","type-page","status-publish","has-post-thumbnail","hentry"],"aioseo_notices":[],"_links":{"self":[{"href":"https:\/\/alpatahavacilik.com.tr\/en\/wp-json\/wp\/v2\/pages\/5720","targetHints":{"allow":["GET"]}}],"collection":[{"href":"https:\/\/alpatahavacilik.com.tr\/en\/wp-json\/wp\/v2\/pages"}],"about":[{"href":"https:\/\/alpatahavacilik.com.tr\/en\/wp-json\/wp\/v2\/types\/page"}],"author":[{"embeddable":true,"href":"https:\/\/alpatahavacilik.com.tr\/en\/wp-json\/wp\/v2\/users\/1"}],"replies":[{"embeddable":true,"href":"https:\/\/alpatahavacilik.com.tr\/en\/wp-json\/wp\/v2\/comments?post=5720"}],"version-history":[{"count":17,"href":"https:\/\/alpatahavacilik.com.tr\/en\/wp-json\/wp\/v2\/pages\/5720\/revisions"}],"predecessor-version":[{"id":9945,"href":"https:\/\/alpatahavacilik.com.tr\/en\/wp-json\/wp\/v2\/pages\/5720\/revisions\/9945"}],"wp:featuredmedia":[{"embeddable":true,"href":"https:\/\/alpatahavacilik.com.tr\/en\/wp-json\/wp\/v2\/media\/9976"}],"wp:attachment":[{"href":"https:\/\/alpatahavacilik.com.tr\/en\/wp-json\/wp\/v2\/media?parent=5720"}],"curies":[{"name":"wp","href":"https:\/\/api.w.org\/{rel}","templated":true}]}}