{"id":5730,"date":"2018-10-22T13:46:13","date_gmt":"2018-10-22T13:46:13","guid":{"rendered":"https:\/\/www.ekko-wp.com\/?page_id=5730"},"modified":"2025-06-30T15:14:44","modified_gmt":"2025-06-30T12:14:44","slug":"sertifika","status":"publish","type":"page","link":"https:\/\/alpatahavacilik.com.tr\/en\/sertifika\/","title":{"rendered":"Certifications"},"content":{"rendered":"<section class=\"wpb-content-wrapper\"><div class=\"vc_row wpb_row vc_row-fluid vc_custom_1751283283420 vc_row-has-padding-top vc_row-has-padding-bottom vc_row-bg-position-top\"><div class=\"wpb_column vc_column_container vc_col-sm-4\"><div class=\"vc_column-inner vc_custom_1751283218387\"><div class=\"wpb_wrapper\"><\/div><\/div><\/div><div class=\"wpb_column vc_column_container vc_col-sm-4\"><div class=\"vc_column-inner\"><div class=\"wpb_wrapper\">\n\t<div  class=\"wpb_single_image wpb_content_element vc_align_left\">\n\t\t\n\t\t<figure class=\"wpb_wrapper vc_figure\">\n\t\t\t<a class=\"\" data-lightbox=\"lightbox[rel-5730-172892310]\" href=\"https:\/\/alpatahavacilik.com.tr\/wp-content\/uploads\/2025\/06\/TURKAK-9001-ALPATA-HAVACILIK-1.png\" target=\"_self\"><img loading=\"lazy\" decoding=\"async\" width=\"1654\" height=\"2339\" src=\"https:\/\/alpatahavacilik.com.tr\/wp-content\/uploads\/2025\/06\/TURKAK-9001-ALPATA-HAVACILIK-1.png\" class=\"vc_single_image-img attachment-thumbnail\" alt=\"\" title=\"TURKAK 9001- ALPATA HAVACILIK-1\" srcset=\"https:\/\/alpatahavacilik.com.tr\/wp-content\/uploads\/2025\/06\/TURKAK-9001-ALPATA-HAVACILIK-1.png 1654w, https:\/\/alpatahavacilik.com.tr\/wp-content\/uploads\/2025\/06\/TURKAK-9001-ALPATA-HAVACILIK-1-768x1086.png 768w, https:\/\/alpatahavacilik.com.tr\/wp-content\/uploads\/2025\/06\/TURKAK-9001-ALPATA-HAVACILIK-1-1086x1536.png 1086w, https:\/\/alpatahavacilik.com.tr\/wp-content\/uploads\/2025\/06\/TURKAK-9001-ALPATA-HAVACILIK-1-1448x2048.png 1448w, https:\/\/alpatahavacilik.com.tr\/wp-content\/uploads\/2025\/06\/TURKAK-9001-ALPATA-HAVACILIK-1-8x12.png 8w, https:\/\/alpatahavacilik.com.tr\/wp-content\/uploads\/2025\/06\/TURKAK-9001-ALPATA-HAVACILIK-1-800x1131.png 800w\" sizes=\"auto, (max-width: 1654px) 100vw, 1654px\" \/><\/a>\n\t\t<\/figure>\n\t<\/div>\n<header class=\"kd-section-title col-lg-12 text-center  subtitle-below-title    vc_custom_1751283400327\" ><h2 class=\"separator_off\" style=\"font-size: 20px;\">ISO 9001:2015 KAL\u0130TE Y\u00d6NET\u0130M S\u0130STEM\u0130<\/h2><\/header><\/div><\/div><\/div><div class=\"wpb_column vc_column_container vc_col-sm-4\"><div class=\"vc_column-inner\"><div class=\"wpb_wrapper\"><\/div><\/div><\/div><\/div>\n<\/section>","protected":false},"excerpt":{"rendered":"ISO 9001:2015 KAL\u0130TE Y\u00d6NET\u0130M S\u0130STEM\u0130","protected":false},"author":1,"featured_media":10089,"parent":0,"menu_order":0,"comment_status":"closed","ping_status":"closed","template":"","meta":{"footnotes":""},"class_list":["post-5730","page","type-page","status-publish","has-post-thumbnail","hentry"],"aioseo_notices":[],"_links":{"self":[{"href":"https:\/\/alpatahavacilik.com.tr\/en\/wp-json\/wp\/v2\/pages\/5730","targetHints":{"allow":["GET"]}}],"collection":[{"href":"https:\/\/alpatahavacilik.com.tr\/en\/wp-json\/wp\/v2\/pages"}],"about":[{"href":"https:\/\/alpatahavacilik.com.tr\/en\/wp-json\/wp\/v2\/types\/page"}],"author":[{"embeddable":true,"href":"https:\/\/alpatahavacilik.com.tr\/en\/wp-json\/wp\/v2\/users\/1"}],"replies":[{"embeddable":true,"href":"https:\/\/alpatahavacilik.com.tr\/en\/wp-json\/wp\/v2\/comments?post=5730"}],"version-history":[{"count":8,"href":"https:\/\/alpatahavacilik.com.tr\/en\/wp-json\/wp\/v2\/pages\/5730\/revisions"}],"predecessor-version":[{"id":10091,"href":"https:\/\/alpatahavacilik.com.tr\/en\/wp-json\/wp\/v2\/pages\/5730\/revisions\/10091"}],"wp:featuredmedia":[{"embeddable":true,"href":"https:\/\/alpatahavacilik.com.tr\/en\/wp-json\/wp\/v2\/media\/10089"}],"wp:attachment":[{"href":"https:\/\/alpatahavacilik.com.tr\/en\/wp-json\/wp\/v2\/media?parent=5730"}],"curies":[{"name":"wp","href":"https:\/\/api.w.org\/{rel}","templated":true}]}}