{"id":5750,"date":"2018-10-22T13:48:22","date_gmt":"2018-10-22T13:48:22","guid":{"rendered":"https:\/\/www.ekko-wp.com\/?page_id=5750"},"modified":"2024-01-17T11:04:51","modified_gmt":"2024-01-17T08:04:51","slug":"iletisim","status":"publish","type":"page","link":"https:\/\/alpatahavacilik.com.tr\/en\/iletisim\/","title":{"rendered":"Contact"},"content":{"rendered":"<section class=\"wpb-content-wrapper\"><div data-vc-full-width=\"true\" data-vc-full-width-init=\"false\" data-vc-kd-parallax=\"1.1\" class=\"vc_row wpb_row vc_row-fluid vc_custom_1605631869875 vc_custom_1605631869877 vc_row-has-fill vc_row-has-padding-top vc_row-has-padding-bottom vc_row-bg-position-center vc_general kd_vc_parallax kd_vc_parallax-content-moving\"><div class=\"parallax-overlay\" data-vc-kd-parallax=\"1.1\"><\/div><div class=\"wpb_column vc_column_container vc_col-sm-12\"><div class=\"vc_column-inner vc_custom_1705478656696\"><div class=\"wpb_wrapper\"><div class=\"vc_row wpb_row vc_inner vc_row-fluid vc_custom_1611231125195 vc_custom_1611231125196 vc_row-has-padding-top vc_row-has-padding-bottom vc_row-bg-position-top\"><div class=\"wpb_column vc_column_container vc_col-sm-3 vc_col-lg-3 vc_col-md-6\"><div class=\"vc_column-inner\"><div class=\"wpb_wrapper\"><div class=\"cb-container  content-center   kd-animated fadeInUp iletisim-box\" ><div class=\"cb-wrapper\" style=\"background-color: #fff;\"><div class=\"cb-img-area\"><i class=\"fas fa-map-marker-alt\" style=\" \"><\/i> <\/div><div class=\"cb-text-area\">\n                      <h4 class=\"cb-heading\" >Address<\/h4><p >Organize Sanayi B\u00f6lgesi 34. Cadde Numara 15 26110 Odunpazar\u0131\/Eski\u015fehir<\/p><\/div><\/div><\/div><\/div><\/div><\/div><div class=\"wpb_column vc_column_container vc_col-sm-3 vc_col-lg-3 vc_col-md-6\"><div class=\"vc_column-inner\"><div class=\"wpb_wrapper\"><div class=\"cb-container  content-center   kd-animated fadeInUp iletisim-box\" data-animation-delay=\"200\"><div class=\"cb-wrapper\" style=\"background-color: #fff;\"><div class=\"cb-img-area\"><i class=\"fas fa-phone-alt\" style=\" \"><\/i> <\/div><div class=\"cb-text-area\">\n                      <h4 class=\"cb-heading\" >Telephone<\/h4><p >0(222) 236 84 53<\/p><a class=\"cb-simple-link\" href=\"tel: 1 212 946 2700\" target=\"_self\" ><\/a><\/div><\/div><\/div><\/div><\/div><\/div><div class=\"wpb_column vc_column_container vc_col-sm-3 vc_col-lg-3 vc_col-md-6\"><div class=\"vc_column-inner\"><div class=\"wpb_wrapper\"><div class=\"cb-container  content-center   kd-animated fadeInUp iletisim-box\" data-animation-delay=\"400\"><div class=\"cb-wrapper\" style=\"background-color: #fff;\"><div class=\"cb-img-area\"><i class=\"fas fa-envelope\" style=\" \"><\/i> <\/div><div class=\"cb-text-area\">\n                      <h4 class=\"cb-heading\" >E-Mail<\/h4><p >alpatahavacilik@alpata.com<\/p><a class=\"cb-simple-link\" href=\"mailto:alpatahavacilik@alpata.com\" target=\"_blank\" ><\/a><\/div><\/div><\/div><\/div><\/div><\/div><div class=\"wpb_column vc_column_container vc_col-sm-3 vc_col-lg-3 vc_col-md-6\"><div class=\"vc_column-inner\"><div class=\"wpb_wrapper\"><div class=\"cb-container  content-center   kd-animated fadeInUp iletisim-box\" data-animation-delay=\"600\"><div class=\"cb-wrapper\" style=\"background-color: #fff;\"><div class=\"cb-img-area\"><i class=\"fas fa-globe-asia\" style=\" \"><\/i> <\/div><div class=\"cb-text-area\">\n                      <h4 class=\"cb-heading\" >Sosyal Medya<\/h4><p ><\/p><a class=\"cb-simple-link\" href=\"https:\/\/alpatahavacilik.com.tr\/en\/\" target=\"_self\" ><\/a><\/div><\/div><\/div><div class=\"kd-social-profiles icon-left-align  bg-shape-none hover-default kd-animated fadeInUp\"  data-animation-delay=\"800\"><ul class=\"kd-social-list clearfix\"><li><a target=\"_blank\" href=\"https:\/\/www.facebook.com\/profile.php?id=61553670151388\"><i class=\"fab fa-facebook-square\" ><\/i><\/a><\/li><li><a target=\"_blank\" href=\"https:\/\/www.linkedin.com\/company\/alpata-havac%C4%B1l%C4%B1k\"><i class=\"fab fa-linkedin\" ><\/i><\/a><\/li><li><a target=\"_blank\" href=\"https:\/\/www.instagram.com\/alpatahavacilik\/\"><i class=\"fab fa-instagram\" ><\/i><\/a><\/li><li><a target=\"_blank\" href=\"https:\/\/twitter.com\/alpatahavacilik\"><i class=\"fab fa-twitter-square\" ><\/i><\/a><\/li><\/ul><\/div><\/div><\/div><\/div><\/div><\/div><\/div><\/div><\/div><div class=\"vc_row-full-width vc_clearfix\"><\/div><div data-vc-full-width=\"true\" data-vc-full-width-init=\"false\" data-vc-stretch-content=\"true\" class=\"vc_row wpb_row vc_row-fluid vc_custom_1600770913245 vc_custom_1600770913246 vc_custom_1600770913247 vc_row-has-fill vc_row-no-padding vc_row-bg-position-top\"><div class=\"wpb_column vc_column_container vc_col-sm-12\"><div class=\"vc_column-inner\"><div class=\"wpb_wrapper\"><div class=\"vc_row wpb_row vc_inner vc_row-fluid vc_row-bg-position-top vc_row-o-content-middle vc_row-flex\"><div class=\"wpb_column vc_column_container vc_col-sm-6 vc_col-lg-6 vc_col-md-12\"><div class=\"vc_column-inner vc_custom_1600770903950\"><div class=\"wpb_wrapper\"><div class=\"wpb_gmaps_widget wpb_content_element\"><div class=\"wpb_wrapper\"><div class=\"wpb_map_wraper\"><iframe src=\"https:\/\/www.google.com\/maps\/embed?pb=!1m14!1m8!1m3!1d1533.5415585601577!2d30.693363!3d39.7602422!3m2!1i1024!2i768!4f13.1!3m3!1m2!1s0x14cc3931fd5a34c9%3A0xd0bd385cb0339289!2sALPATA%20HAVACILIK!5e0!3m2!1str!2str!4v1705478401354!5m2!1str!2str\" width=\"600\" height=\"600\" style=\"border:0;\" allowfullscreen=\"\" loading=\"lazy\" referrerpolicy=\"no-referrer-when-downgrade\"><\/iframe><\/div><\/div><\/div><\/div><\/div><\/div><div class=\"with-shadow wpb_column vc_column_container vc_col-sm-6 vc_col-lg-6 vc_col-md-12 vc_col-has-fill\"><div class=\"vc_column-inner vc_custom_1600770477696 vc_custom_1600770477697 vc_custom_1600770477698 vc_custom_1600770477698\"><div class=\"wpb_wrapper\"><header class=\"kd-section-title col-lg-12 text-center  subtitle-below-title kd-animated fadeIn   vc_custom_1704271953805\" data-animation-delay=\"200\"><h4 class=\"separator_off\" >You Can Contact Us<\/h4><\/header><div class=\"kd-contact-form full-width-cf  cf-with-border   kd-animated fadeIn\" data-animation-delay=\"400\">\n<div class=\"wpcf7 no-js\" id=\"wpcf7-f8644-o1\" lang=\"en-US\" dir=\"ltr\">\n<div class=\"screen-reader-response\"><p role=\"status\" aria-live=\"polite\" aria-atomic=\"true\"><\/p> <ul><\/ul><\/div>\n<form action=\"\/en\/wp-json\/wp\/v2\/pages\/5750#wpcf7-f8644-o1\" method=\"post\" class=\"wpcf7-form init\" aria-label=\"Contact form\" novalidate=\"novalidate\" data-status=\"init\" data-trp-original-action=\"\/en\/wp-json\/wp\/v2\/pages\/5750#wpcf7-f8644-o1\">\n<div style=\"display: none;\">\n<input type=\"hidden\" name=\"_wpcf7\" value=\"8644\" \/>\n<input type=\"hidden\" name=\"_wpcf7_version\" value=\"5.8.5\" \/>\n<input type=\"hidden\" name=\"_wpcf7_locale\" value=\"en_US\" \/>\n<input type=\"hidden\" name=\"_wpcf7_unit_tag\" value=\"wpcf7-f8644-o1\" \/>\n<input type=\"hidden\" name=\"_wpcf7_container_post\" value=\"0\" \/>\n<input type=\"hidden\" name=\"_wpcf7_posted_data_hash\" value=\"\" \/>\n<\/div>\n<p><span class=\"wpcf7-form-control-wrap\" data-name=\"your-name\"><input size=\"40\" class=\"wpcf7-form-control wpcf7-text wpcf7-validates-as-required\" aria-required=\"true\" aria-invalid=\"false\" placeholder=\"Full Name\" value=\"\" type=\"text\" name=\"your-name\" \/><\/span><br \/>\n<span class=\"wpcf7-form-control-wrap\" data-name=\"your-email\"><input size=\"40\" class=\"wpcf7-form-control wpcf7-email wpcf7-validates-as-required wpcf7-text wpcf7-validates-as-email\" aria-required=\"true\" aria-invalid=\"false\" placeholder=\"Email address\" value=\"\" type=\"email\" name=\"your-email\" \/><\/span><br \/>\n<span class=\"wpcf7-form-control-wrap\" data-name=\"your-message\"><textarea cols=\"40\" rows=\"10\" class=\"wpcf7-form-control wpcf7-textarea\" aria-invalid=\"false\" placeholder=\"Your message\" name=\"your-message\"><\/textarea><\/span><br \/>\n<input class=\"wpcf7-form-control wpcf7-submit has-spinner\" type=\"submit\" value=\"Send\" \/>\n<\/p><div class=\"wpcf7-response-output\" aria-hidden=\"true\"><\/div>\n<input type=\"hidden\" name=\"trp-form-language\" value=\"en\"\/><\/form>\n<\/div>\n<\/div><\/div><\/div><\/div><\/div><\/div><\/div><\/div><\/div><div class=\"vc_row-full-width vc_clearfix\"><\/div>\n<\/section>","protected":false},"excerpt":{"rendered":"AdresOrganize Sanayi B\u00f6lgesi 34. Cadde Numara 15 26110 Odunpazar\u0131\/Eski\u015fehir Telefon0(222) 236 84 53 Mailalpatahavacilik@alpata.com Sosyal MedyaBizimle \u0130leti\u015fme Ge\u00e7ebilirsiniz","protected":false},"author":1,"featured_media":9976,"parent":0,"menu_order":0,"comment_status":"closed","ping_status":"closed","template":"","meta":{"footnotes":""},"class_list":["post-5750","page","type-page","status-publish","has-post-thumbnail","hentry"],"aioseo_notices":[],"_links":{"self":[{"href":"https:\/\/alpatahavacilik.com.tr\/en\/wp-json\/wp\/v2\/pages\/5750","targetHints":{"allow":["GET"]}}],"collection":[{"href":"https:\/\/alpatahavacilik.com.tr\/en\/wp-json\/wp\/v2\/pages"}],"about":[{"href":"https:\/\/alpatahavacilik.com.tr\/en\/wp-json\/wp\/v2\/types\/page"}],"author":[{"embeddable":true,"href":"https:\/\/alpatahavacilik.com.tr\/en\/wp-json\/wp\/v2\/users\/1"}],"replies":[{"embeddable":true,"href":"https:\/\/alpatahavacilik.com.tr\/en\/wp-json\/wp\/v2\/comments?post=5750"}],"version-history":[{"count":14,"href":"https:\/\/alpatahavacilik.com.tr\/en\/wp-json\/wp\/v2\/pages\/5750\/revisions"}],"predecessor-version":[{"id":10014,"href":"https:\/\/alpatahavacilik.com.tr\/en\/wp-json\/wp\/v2\/pages\/5750\/revisions\/10014"}],"wp:featuredmedia":[{"embeddable":true,"href":"https:\/\/alpatahavacilik.com.tr\/en\/wp-json\/wp\/v2\/media\/9976"}],"wp:attachment":[{"href":"https:\/\/alpatahavacilik.com.tr\/en\/wp-json\/wp\/v2\/media?parent=5750"}],"curies":[{"name":"wp","href":"https:\/\/api.w.org\/{rel}","templated":true}]}}