{"id":9784,"date":"2020-09-04T13:23:54","date_gmt":"2020-09-04T13:23:54","guid":{"rendered":"https:\/\/www.swaytheme.com\/industrial\/?page_id=5"},"modified":"2025-06-30T15:41:28","modified_gmt":"2025-06-30T12:41:28","slug":"anasayfa","status":"publish","type":"page","link":"https:\/\/alpatahavacilik.com.tr\/en\/","title":{"rendered":"Homepage"},"content":{"rendered":"<section class=\"wpb-content-wrapper\"><div data-vc-full-width=\"true\" data-vc-full-width-init=\"false\" class=\"vc_row wpb_row vc_row-fluid mobile-height-banner vc_custom_1750073293538 vc_custom_1750073293539 vc_row-has-fill vc_row-has-padding-top vc_row-has-padding-bottom vc_row-fixed-bg vc_row-bg-position-top\"><div class=\"wpb_column vc_column_container vc_col-sm-12\"><div class=\"vc_column-inner vc_custom_1516115464846\"><div class=\"wpb_wrapper\"><div class=\"vc_row wpb_row vc_inner vc_row-fluid vc_row-bg-position-top\"><div class=\"wpb_column vc_column_container vc_col-sm-12\"><div class=\"vc_column-inner\"><div class=\"wpb_wrapper\"><header class=\"kd-section-title col-lg-12 text-left  subtitle-below-title kd-animated fadeIn   vc_custom_1750073432093\" data-animation-delay=\"200\"><\/header><\/div><\/div><\/div><\/div><\/div><\/div><\/div><\/div><div class=\"vc_row-full-width vc_clearfix\"><\/div><div class=\"vc_row wpb_row vc_row-fluid vc_custom_1597999860805 vc_row-bg-position-top\"><div class=\"wpb_column vc_column_container vc_col-sm-12\"><div class=\"vc_column-inner vc_custom_1600424329396 vc_custom_1600424329398 vc_custom_1600424329399 vc_custom_1600424329400\"><div class=\"wpb_wrapper\"><div class=\"vc_row wpb_row vc_inner vc_row-fluid vc_custom_1600424583131 vc_row-has-padding-top vc_row-has-padding-bottom vc_row-bg-position-top\"><div class=\"wpb_column vc_column_container vc_col-sm-3 vc_col-lg-3 vc_col-md-6\"><div class=\"vc_column-inner vc_custom_1600424265761\"><div class=\"wpb_wrapper\"><div class=\"cb-container  content-center  disable-box-shadow\" ><div class=\"cb-wrapper\" style=\"background-color: #fff;\"><div class=\"cb-img-area\"><div class=\"cb-customimg\"><img loading=\"lazy\" decoding=\"async\" width=\"512\" height=\"512\" src=\"https:\/\/alpatahavacilik.com.tr\/wp-content\/uploads\/2024\/01\/engine.png\" class=\"attachment-full\" alt=\"\" title=\"engine\" srcset=\"https:\/\/alpatahavacilik.com.tr\/wp-content\/uploads\/2024\/01\/engine.png 512w, https:\/\/alpatahavacilik.com.tr\/wp-content\/uploads\/2024\/01\/engine-320x320.png 320w\" sizes=\"auto, (max-width: 512px) 100vw, 512px\" \/><\/div><\/div><div class=\"cb-text-area\">\n                      <h4 class=\"cb-heading\" >Aircraft Engine Parts Manufacturing<\/h4><p ><\/p><a class=\"cb-simple-link\" href=\"#\" target=\"_self\" ><\/a><\/div><\/div><\/div><\/div><\/div><\/div><div class=\"wpb_column vc_column_container vc_col-sm-3 vc_col-lg-3 vc_col-md-6\"><div class=\"vc_column-inner vc_custom_1600424361739\"><div class=\"wpb_wrapper\"><div class=\"cb-container  content-center  disable-box-shadow\" ><div class=\"cb-wrapper\" style=\"background-color: #fff;\"><div class=\"cb-img-area\"><div class=\"cb-customimg\"><img loading=\"lazy\" decoding=\"async\" width=\"512\" height=\"512\" src=\"https:\/\/alpatahavacilik.com.tr\/wp-content\/uploads\/2024\/01\/landing-1.png\" class=\"attachment-full\" alt=\"\" title=\"landing (1)\" srcset=\"https:\/\/alpatahavacilik.com.tr\/wp-content\/uploads\/2024\/01\/landing-1.png 512w, https:\/\/alpatahavacilik.com.tr\/wp-content\/uploads\/2024\/01\/landing-1-320x320.png 320w\" sizes=\"auto, (max-width: 512px) 100vw, 512px\" \/><\/div><\/div><div class=\"cb-text-area\">\n                      <h4 class=\"cb-heading\" >Landing Gear Parts Manufacturing<\/h4><p ><\/p><a class=\"cb-simple-link\" href=\"#\" target=\"_self\" ><\/a><\/div><\/div><\/div><\/div><\/div><\/div><div class=\"wpb_column vc_column_container vc_col-sm-3 vc_col-lg-3 vc_col-md-6\"><div class=\"vc_column-inner vc_custom_1600424407771\"><div class=\"wpb_wrapper\"><div class=\"cb-container  content-center  disable-box-shadow\" ><div class=\"cb-wrapper\" style=\"background-color: #fff;\"><div class=\"cb-img-area\"><div class=\"cb-customimg\"><img loading=\"lazy\" decoding=\"async\" width=\"512\" height=\"512\" src=\"https:\/\/alpatahavacilik.com.tr\/wp-content\/uploads\/2024\/01\/helicopter.png\" class=\"attachment-full\" alt=\"\" title=\"helicopter\" srcset=\"https:\/\/alpatahavacilik.com.tr\/wp-content\/uploads\/2024\/01\/helicopter.png 512w, https:\/\/alpatahavacilik.com.tr\/wp-content\/uploads\/2024\/01\/helicopter-320x320.png 320w\" sizes=\"auto, (max-width: 512px) 100vw, 512px\" \/><\/div><\/div><div class=\"cb-text-area\">\n                      <h4 class=\"cb-heading\" >Helicopter Dynamic Parts Manufacturing<\/h4><p ><\/p><a class=\"cb-simple-link\" href=\"#\" target=\"_self\" ><\/a><\/div><\/div><\/div><\/div><\/div><\/div><div class=\"wpb_column vc_column_container vc_col-sm-3 vc_col-lg-3 vc_col-md-6\"><div class=\"vc_column-inner vc_custom_1600424411312\"><div class=\"wpb_wrapper\"><div class=\"cb-container  content-center  disable-box-shadow\" ><div class=\"cb-wrapper\" style=\"background-color: #fff;\"><div class=\"cb-img-area\"><div class=\"cb-customimg\"><img loading=\"lazy\" decoding=\"async\" width=\"512\" height=\"512\" src=\"https:\/\/alpatahavacilik.com.tr\/wp-content\/uploads\/2024\/01\/propeller-1.png\" class=\"attachment-full\" alt=\"\" title=\"propeller (1)\" srcset=\"https:\/\/alpatahavacilik.com.tr\/wp-content\/uploads\/2024\/01\/propeller-1.png 512w, https:\/\/alpatahavacilik.com.tr\/wp-content\/uploads\/2024\/01\/propeller-1-320x320.png 320w\" sizes=\"auto, (max-width: 512px) 100vw, 512px\" \/><\/div><\/div><div class=\"cb-text-area\">\n                      <h4 class=\"cb-heading\" >Aircraft Structural Parts Manufacturing<\/h4><p ><\/p><a class=\"cb-simple-link\" href=\"#\" target=\"_self\" ><\/a><\/div><\/div><\/div><\/div><\/div><\/div><\/div><\/div><\/div><\/div><\/div><div data-vc-full-width=\"true\" data-vc-full-width-init=\"false\" class=\"vc_row wpb_row vc_row-fluid vc_row-bg-position-top\"><div class=\"wpb_column vc_column_container vc_col-sm-12\"><div class=\"vc_column-inner\"><div class=\"wpb_wrapper\"><div class=\"vc_row wpb_row vc_inner vc_row-fluid vc_custom_1600426020536 vc_row-has-padding-top vc_row-has-padding-bottom vc_row-bg-position-top\"><div class=\"wpb_column vc_column_container vc_col-sm-12 vc_col-lg-offset-0 vc_col-lg-6 vc_col-md-offset-0 vc_col-md-6 vc_col-sm-offset-0 vc_col-xs-12\"><div class=\"vc_column-inner vc_custom_1600772395565 vc_custom_1600772395566 vc_custom_1600772395566 vc_custom_1600772395567\"><div class=\"wpb_wrapper\"><header class=\"kd-section-title col-lg-12 text-left  subtitle-below-title kd-animated fadeIn   vc_custom_1750067354379\" data-animation-delay=\"200\"><h2 class=\"separator_off\" style=\"margin-bottom:30px;\">ABOUT US<\/h2><h6 class=\"subtitle\" >Our company, established in 2024 in Eski\u015fehir Organized Industrial Zone, engages in machining production for aerospace industry components. Situated on a 7,000 m\u00b2 open area, our facility boasts a robust machine park within a 1,700 m\u00b2 closed area. Committed to principles of reliability, honesty, and quality, our company prioritizes customer satisfaction. We constantly strive to embrace technology and innovations, aiming to be better, faster, and more quality-driven. Always focusing on excellence, our company takes pride in providing services that meet the highest standards.<\/h6><\/header><\/div><\/div><\/div><div class=\"wpb_column vc_column_container vc_col-sm-12 vc_col-lg-6 vc_col-md-6 vc_col-xs-12\"><div class=\"vc_column-inner vc_custom_1600772399461   vc_custom_1600772399463\"><div class=\"wpb_wrapper\"><div class=\"kd-photo-group group-layout-right-left large-shadow enable-parallax\">\n                <div class=\"kd-group-image first-image-wrapper\"><div class=\"kd-group-image-animation kd-animated fadeInUp\" data-animation-delay=\"200\"><img loading=\"lazy\" decoding=\"async\" width=\"350\" height=\"500\" src=\"https:\/\/alpatahavacilik.com.tr\/wp-content\/uploads\/2024\/01\/hakkimizda-2.png\" class=\"attachment-full\" alt=\"\" title=\"hakkimizda-2\" \/><\/div><\/div>\n                <div class=\"kd-group-image second-image-wrapper\" style=\"bottom: 25%;\"><div class=\"kd-group-image-animation kd-animated fadeInDown\" data-animation-delay=\"200\"><img loading=\"lazy\" decoding=\"async\" width=\"350\" height=\"500\" src=\"https:\/\/alpatahavacilik.com.tr\/wp-content\/uploads\/2024\/01\/hakkimizda-1.png\" class=\"attachment-full\" alt=\"\" title=\"hakkimizda-1\" \/><\/div><\/div>\n            <\/div><\/div><\/div><\/div><\/div><\/div><\/div><\/div><\/div><div class=\"vc_row-full-width vc_clearfix\"><\/div><div data-vc-full-width=\"true\" data-vc-full-width-init=\"false\" data-vc-stretch-content=\"true\" class=\"vc_row wpb_row vc_row-fluid overflow-fix vc_custom_1704714215213 vc_row-has-padding-bottom vc_row-bg-position-top\"><div class=\"wpb_column vc_column_container vc_col-sm-12\"><div class=\"vc_column-inner\"><div class=\"wpb_wrapper\"><div class=\"vc_row wpb_row vc_inner vc_row-fluid vc_custom_1704281109350 vc_custom_1704281109351 vc_custom_1704281109352 vc_row-has-fill vc_row-has-padding-top vc_row-has-padding-bottom vc_row-main-color-overlay vc_row-bg-position-top vc_inner_row-contained\"><div class=\"container\"><div class=\"wpb_column vc_column_container vc_col-sm-3\"><div class=\"vc_column-inner vc_custom_1704280879488\"><div class=\"wpb_wrapper\"><div class=\"key-icon-box icon-default icon-top cont-center ib-hover-1 with-shadow    icon-no-background icon-no-border kd-animated fadeInUp\" style=\"background-color: transparent;margin-bottom:35px;\" data-animation-delay=\"200\"><div class=\"ib-wrapper\" style=\"padding-top:40px;padding-bottom:20px;padding-left:35px;padding-right:35px;\"><div class=\"ib-simple-icon-wrapper\" style=\"margin-bottom:20px;\"><div class=\"tt-iconbox-customimg\"><img loading=\"lazy\" decoding=\"async\" width=\"400\" height=\"400\" src=\"https:\/\/alpatahavacilik.com.tr\/wp-content\/uploads\/2024\/01\/hizmet-1.png\" class=\"attachment-full\" alt=\"\" title=\"hizmet-1\" srcset=\"https:\/\/alpatahavacilik.com.tr\/wp-content\/uploads\/2024\/01\/hizmet-1.png 400w, https:\/\/alpatahavacilik.com.tr\/wp-content\/uploads\/2024\/01\/hizmet-1-320x320.png 320w\" sizes=\"auto, (max-width: 400px) 100vw, 400px\" \/><\/div><\/div><h4 class=\"service-heading\" >Aircraft Engine Parts Manufacturing<\/h4><\/div><\/div><div class=\"kd-shapes shape_dots with-parallax kd-animated zoomIn\" style=\"bottom: 60px;left: -100px;width: 340px;height: 173px;\" data-parallax-speed=\"0.1\" data-animation-delay=\"400\"><\/div><div class=\"key-icon-box icon-default icon-top cont-center ib-hover-1 with-shadow    icon-no-background icon-no-border kd-animated fadeInUp\" style=\"background-color: transparent;margin-bottom:-30px;\" data-animation-delay=\"200\"><div class=\"ib-wrapper\" style=\"padding-top:40px;padding-bottom:20px;padding-left:35px;padding-right:35px;\"><div class=\"ib-simple-icon-wrapper\" style=\"margin-bottom:20px;\"><div class=\"tt-iconbox-customimg\"><img loading=\"lazy\" decoding=\"async\" width=\"400\" height=\"400\" src=\"https:\/\/alpatahavacilik.com.tr\/wp-content\/uploads\/2024\/01\/hizmet-3.png\" class=\"attachment-full\" alt=\"\" title=\"hizmet-3\" srcset=\"https:\/\/alpatahavacilik.com.tr\/wp-content\/uploads\/2024\/01\/hizmet-3.png 400w, https:\/\/alpatahavacilik.com.tr\/wp-content\/uploads\/2024\/01\/hizmet-3-320x320.png 320w\" sizes=\"auto, (max-width: 400px) 100vw, 400px\" \/><\/div><\/div><h4 class=\"service-heading\" >Helicopter Dynamic Parts Manufacturing<\/h4><\/div><\/div><\/div><\/div><\/div><div class=\"wpb_column vc_column_container vc_col-sm-3\"><div class=\"vc_column-inner\"><div class=\"wpb_wrapper\"><div class=\"kd-shapes shape_dots with-parallax kd-animated zoomIn\" style=\"top: -60px;right: -45px;width: 172px;height: 173px;\" data-parallax-speed=\"0.1\" data-animation-delay=\"400\"><\/div><div class=\"key-icon-box icon-default icon-top cont-center ib-hover-1 with-shadow    icon-no-background icon-no-border kd-animated fadeInUp\" style=\"background-color: transparent;margin-bottom:30px;\" data-animation-delay=\"200\"><div class=\"ib-wrapper\" style=\"padding-top:40px;padding-bottom:20px;padding-left:35px;padding-right:35px;\"><div class=\"ib-simple-icon-wrapper\" style=\"margin-bottom:20px;\"><div class=\"tt-iconbox-customimg\"><img loading=\"lazy\" decoding=\"async\" width=\"400\" height=\"400\" src=\"https:\/\/alpatahavacilik.com.tr\/wp-content\/uploads\/2024\/01\/hizmet-2.png\" class=\"attachment-full\" alt=\"\" title=\"hizmet-2\" srcset=\"https:\/\/alpatahavacilik.com.tr\/wp-content\/uploads\/2024\/01\/hizmet-2.png 400w, https:\/\/alpatahavacilik.com.tr\/wp-content\/uploads\/2024\/01\/hizmet-2-320x320.png 320w\" sizes=\"auto, (max-width: 400px) 100vw, 400px\" \/><\/div><\/div><h4 class=\"service-heading\" >Landing Gear Parts Manufacturing<\/h4><\/div><\/div><div class=\"key-icon-box icon-default icon-top cont-center ib-hover-1 with-shadow    icon-no-background icon-no-border kd-animated fadeInUp\" style=\"background-color: transparent;\" data-animation-delay=\"200\"><div class=\"ib-wrapper\" style=\"padding-top:40px;padding-bottom:20px;padding-left:35px;padding-right:35px;\"><div class=\"ib-simple-icon-wrapper\" style=\"margin-bottom:20px;\"><div class=\"tt-iconbox-customimg\"><img loading=\"lazy\" decoding=\"async\" width=\"400\" height=\"400\" src=\"https:\/\/alpatahavacilik.com.tr\/wp-content\/uploads\/2024\/01\/hizmet-4.png\" class=\"attachment-full\" alt=\"\" title=\"hizmet-4\" srcset=\"https:\/\/alpatahavacilik.com.tr\/wp-content\/uploads\/2024\/01\/hizmet-4.png 400w, https:\/\/alpatahavacilik.com.tr\/wp-content\/uploads\/2024\/01\/hizmet-4-320x320.png 320w\" sizes=\"auto, (max-width: 400px) 100vw, 400px\" \/><\/div><\/div><h4 class=\"service-heading\" >Aircraft Structural Parts Manufacturing<\/h4><\/div><\/div><\/div><\/div><\/div><div class=\"wpb_column vc_column_container vc_col-sm-6\"><div class=\"vc_column-inner vc_custom_1704281212371 vc_custom_1704281212372 vc_custom_1704281212372 vc_custom_1704281212373\"><div class=\"wpb_wrapper\"><header class=\"kd-section-title col-lg-12 text-left  subtitle-below-title    vc_custom_1704281868855\" ><h2 class=\"separator_off\" style=\"margin-bottom:30px;\">OUR SERVICES<\/h2><h6 class=\"subtitle\" >With our high-tech and powerful machinery, along with our expert team dedicated to staying abreast of technology, we specialize in machining parts for the aerospace and defense industries. Among our capabilities are 5-axis simultaneous machining, turning, milling, 3D modeling, CAM programming, FAI (First Article Inspection), fixture design and manufacturing, as well as precision measurement with a CMM device.<\/h6><\/header><div class=\"key-icon-box icon-default icon-left cont-left ib-no-effect     icon-no-background icon-no-border\" style=\"background-color: transparent;margin-bottom:30px;\" ><div class=\"ib-simple-icon-wrapper\" ><i class=\"far fa-paper-plane\" style=\"font-size: 25px;\"><\/i> <\/div><h6 class=\"service-heading\" >Aircraft Engine Parts Manufacturing<\/h6><\/div><div class=\"key-icon-box icon-default icon-left cont-left ib-no-effect     icon-no-background icon-no-border\" style=\"background-color: transparent;margin-bottom:30px;\" ><div class=\"ib-simple-icon-wrapper\" ><i class=\"far fa-paper-plane\" style=\"font-size: 25px;\"><\/i> <\/div><h6 class=\"service-heading\" >Landing Gear Parts Manufacturing<\/h6><\/div><div class=\"key-icon-box icon-default icon-left cont-left ib-no-effect     icon-no-background icon-no-border\" style=\"background-color: transparent;margin-bottom:30px;\" ><div class=\"ib-simple-icon-wrapper\" ><i class=\"far fa-paper-plane\" style=\"font-size: 25px;\"><\/i> <\/div><h6 class=\"service-heading\" >Helicopter Dynamic Parts Manufacturing<\/h6><\/div><div class=\"key-icon-box icon-default icon-left cont-left ib-no-effect     icon-no-background icon-no-border\" style=\"background-color: transparent;\" ><div class=\"ib-simple-icon-wrapper\" ><i class=\"far fa-paper-plane\" style=\"font-size: 25px;\"><\/i> <\/div><h6 class=\"service-heading\" >Aircraft Structural Parts Manufacturing<\/h6><\/div><\/div><\/div><\/div><\/div><\/div><\/div><\/div><\/div><\/div><div class=\"vc_row-full-width vc_clearfix\"><\/div>\n<\/section>","protected":false},"excerpt":{"rendered":"U\u00e7ak Motor Par\u00e7a \u0130malat\u0131 \u0130ni\u015f Tak\u0131m\u0131 Par\u00e7a \u0130malat\u0131 Helikopter Dinamik Par\u00e7a \u0130malat\u0131 U\u00e7ak Yap\u0131sal Par\u00e7a \u0130malat\u0131HAKKIMIZDAEski\u015fehir Organize Sanayi B\u00f6lgesinde 2024 [...]","protected":false},"author":1,"featured_media":0,"parent":0,"menu_order":0,"comment_status":"closed","ping_status":"closed","template":"","meta":{"footnotes":""},"class_list":["post-9784","page","type-page","status-publish","hentry"],"aioseo_notices":[],"_links":{"self":[{"href":"https:\/\/alpatahavacilik.com.tr\/en\/wp-json\/wp\/v2\/pages\/9784","targetHints":{"allow":["GET"]}}],"collection":[{"href":"https:\/\/alpatahavacilik.com.tr\/en\/wp-json\/wp\/v2\/pages"}],"about":[{"href":"https:\/\/alpatahavacilik.com.tr\/en\/wp-json\/wp\/v2\/types\/page"}],"author":[{"embeddable":true,"href":"https:\/\/alpatahavacilik.com.tr\/en\/wp-json\/wp\/v2\/users\/1"}],"replies":[{"embeddable":true,"href":"https:\/\/alpatahavacilik.com.tr\/en\/wp-json\/wp\/v2\/comments?post=9784"}],"version-history":[{"count":74,"href":"https:\/\/alpatahavacilik.com.tr\/en\/wp-json\/wp\/v2\/pages\/9784\/revisions"}],"predecessor-version":[{"id":10093,"href":"https:\/\/alpatahavacilik.com.tr\/en\/wp-json\/wp\/v2\/pages\/9784\/revisions\/10093"}],"wp:attachment":[{"href":"https:\/\/alpatahavacilik.com.tr\/en\/wp-json\/wp\/v2\/media?parent=9784"}],"curies":[{"name":"wp","href":"https:\/\/api.w.org\/{rel}","templated":true}]}}