{"id":9917,"date":"2024-01-04T10:07:45","date_gmt":"2024-01-04T07:07:45","guid":{"rendered":"https:\/\/alpatahavacilik.com.tr\/?page_id=9917"},"modified":"2024-01-09T13:13:17","modified_gmt":"2024-01-09T10:13:17","slug":"kariyer","status":"publish","type":"page","link":"https:\/\/alpatahavacilik.com.tr\/en\/kariyer\/","title":{"rendered":"Career"},"content":{"rendered":"<section class=\"wpb-content-wrapper\"><div class=\"vc_row wpb_row vc_row-fluid vc_custom_1606156530147 vc_row-has-padding-left vc_row-has-padding-right vc_row-bg-position-top\"><div class=\"wpb_column vc_column_container vc_col-sm-12\"><div class=\"vc_column-inner vc_custom_1600787823810   vc_custom_1600787823811\"><div class=\"wpb_wrapper\"><div class=\"vc_row wpb_row vc_inner vc_row-fluid vc_custom_1606156437420 vc_custom_1606156437422 vc_custom_1606156437423 vc_custom_1606156437424 vc_row-has-padding-top vc_row-bg-position-top vc_inner_row-contained\"><div class=\"container\"><div class=\"wpb_column vc_column_container vc_col-sm-12 vc_col-lg-offset-0 vc_col-lg-12 vc_col-md-offset-0 vc_col-sm-offset-0\"><div class=\"vc_column-inner vc_custom_1600787786753 vc_custom_1600787786753 vc_custom_1600787786754 vc_custom_1600787786754\"><div class=\"wpb_wrapper\"><header class=\"kd-section-title col-lg-12 text-center  subtitle-below-title kd-animated fadeIn   vc_custom_1704380218552\" data-animation-delay=\"200\"><h2 class=\"separator_off\" style=\"margin-bottom:40px;\">CAREER<\/h2><h6 class=\"subtitle\" style=\"color: #7c7c7c;\">Our Human Resources policy is to value our employees, ensure their continuous development, and foster a productive and communicative work environment with highly motivated staff. Together with our expert, responsible, and talented colleagues, we aim to achieve our plans and goals.<\/h6><\/header><\/div><\/div><\/div><\/div><\/div><div class=\"vc_row wpb_row vc_inner vc_row-fluid vc_custom_1704380247260 vc_custom_1704380247264 vc_row-has-padding-bottom vc_row-bg-position-top vc_row-o-content-middle vc_row-flex\"><div class=\"with-shadow wpb_column vc_column_container vc_col-sm-12\"><div class=\"vc_column-inner vc_custom_1704367339531\"><div class=\"wpb_wrapper\"><header class=\"kd-section-title col-lg-12 text-center  subtitle-below-title\" ><h2 class=\"separator_off\" >Contact Form<\/h2><\/header><div class=\"kd-contact-form full-width-cf\" >\n<div class=\"wpcf7 no-js\" id=\"wpcf7-f9582-o1\" lang=\"en-US\" dir=\"ltr\">\n<div class=\"screen-reader-response\"><p role=\"status\" aria-live=\"polite\" aria-atomic=\"true\"><\/p> <ul><\/ul><\/div>\n<form action=\"\/en\/wp-json\/wp\/v2\/pages\/9917#wpcf7-f9582-o1\" method=\"post\" class=\"wpcf7-form init\" aria-label=\"Contact form\" novalidate=\"novalidate\" data-status=\"init\" data-trp-original-action=\"\/en\/wp-json\/wp\/v2\/pages\/9917#wpcf7-f9582-o1\">\n<div style=\"display: none;\">\n<input type=\"hidden\" name=\"_wpcf7\" value=\"9582\" \/>\n<input type=\"hidden\" name=\"_wpcf7_version\" value=\"5.8.5\" \/>\n<input type=\"hidden\" name=\"_wpcf7_locale\" value=\"en_US\" \/>\n<input type=\"hidden\" name=\"_wpcf7_unit_tag\" value=\"wpcf7-f9582-o1\" \/>\n<input type=\"hidden\" name=\"_wpcf7_container_post\" value=\"0\" \/>\n<input type=\"hidden\" name=\"_wpcf7_posted_data_hash\" value=\"\" \/>\n<\/div>\n<p><label> Full Name<br \/>\n<span class=\"wpcf7-form-control-wrap\" data-name=\"your-name\"><input size=\"40\" class=\"wpcf7-form-control wpcf7-text wpcf7-validates-as-required\" aria-required=\"true\" aria-invalid=\"false\" value=\"\" type=\"text\" name=\"your-name\" \/><\/span> <\/label>\n<\/p>\n<p><label> E-Mail<br \/>\n<span class=\"wpcf7-form-control-wrap\" data-name=\"your-email\"><input size=\"40\" class=\"wpcf7-form-control wpcf7-email wpcf7-validates-as-required wpcf7-text wpcf7-validates-as-email\" aria-required=\"true\" aria-invalid=\"false\" value=\"\" type=\"email\" name=\"your-email\" \/><\/span> <\/label>\n<\/p>\n<p><label> Subject<br \/>\n<span class=\"wpcf7-form-control-wrap\" data-name=\"your-subject\"><input size=\"40\" class=\"wpcf7-form-control wpcf7-text\" aria-invalid=\"false\" value=\"\" type=\"text\" name=\"your-subject\" \/><\/span> <\/label>\n<\/p>\n<p><label> Your message<br \/>\n<span class=\"wpcf7-form-control-wrap\" data-name=\"your-message\"><textarea cols=\"40\" rows=\"10\" class=\"wpcf7-form-control wpcf7-textarea\" aria-invalid=\"false\" name=\"your-message\"><\/textarea><\/span> <\/label>\n<\/p>\n<p><input class=\"wpcf7-form-control wpcf7-submit has-spinner\" type=\"submit\" value=\"Send\" \/>\n<\/p><div class=\"wpcf7-response-output\" aria-hidden=\"true\"><\/div>\n<input type=\"hidden\" name=\"trp-form-language\" value=\"en\"\/><\/form>\n<\/div>\n<\/div><\/div><\/div><\/div><\/div><\/div><\/div><\/div><\/div>\n<\/section>","protected":false},"excerpt":{"rendered":"KAR\u0130YER\u0130nsan Kaynaklar\u0131 politikam\u0131z; \u00e7al\u0131\u015fanlar\u0131m\u0131za de\u011fer vermek, onlar\u0131n s\u00fcrekli olarak geli\u015fimlerini sa\u011flamak, y\u00fcksek motivasyonlu \u00e7al\u0131\u015fanlar\u0131m\u0131zla beraber verimli ve ileti\u015fimi kuvvetli bir [...]","protected":false},"author":1,"featured_media":9976,"parent":0,"menu_order":0,"comment_status":"closed","ping_status":"closed","template":"","meta":{"footnotes":""},"class_list":["post-9917","page","type-page","status-publish","has-post-thumbnail","hentry"],"aioseo_notices":[],"_links":{"self":[{"href":"https:\/\/alpatahavacilik.com.tr\/en\/wp-json\/wp\/v2\/pages\/9917","targetHints":{"allow":["GET"]}}],"collection":[{"href":"https:\/\/alpatahavacilik.com.tr\/en\/wp-json\/wp\/v2\/pages"}],"about":[{"href":"https:\/\/alpatahavacilik.com.tr\/en\/wp-json\/wp\/v2\/types\/page"}],"author":[{"embeddable":true,"href":"https:\/\/alpatahavacilik.com.tr\/en\/wp-json\/wp\/v2\/users\/1"}],"replies":[{"embeddable":true,"href":"https:\/\/alpatahavacilik.com.tr\/en\/wp-json\/wp\/v2\/comments?post=9917"}],"version-history":[{"count":8,"href":"https:\/\/alpatahavacilik.com.tr\/en\/wp-json\/wp\/v2\/pages\/9917\/revisions"}],"predecessor-version":[{"id":9927,"href":"https:\/\/alpatahavacilik.com.tr\/en\/wp-json\/wp\/v2\/pages\/9917\/revisions\/9927"}],"wp:featuredmedia":[{"embeddable":true,"href":"https:\/\/alpatahavacilik.com.tr\/en\/wp-json\/wp\/v2\/media\/9976"}],"wp:attachment":[{"href":"https:\/\/alpatahavacilik.com.tr\/en\/wp-json\/wp\/v2\/media?parent=9917"}],"curies":[{"name":"wp","href":"https:\/\/api.w.org\/{rel}","templated":true}]}}